{"id":2899,"date":"2025-06-29T09:23:32","date_gmt":"2025-06-29T09:23:32","guid":{"rendered":"https:\/\/lazycangoo.pl\/?post_type=product&#038;p=2899"},"modified":"2026-03-04T16:26:06","modified_gmt":"2026-03-04T16:26:06","slug":"a-white-collar-sweatshirt","status":"publish","type":"product","link":"https:\/\/lazycangoo.pl\/pl\/produkt\/a-white-collar-sweatshirt\/","title":{"rendered":"White collar sweatshirt"},"content":{"rendered":"<p>Bawe\u0142niana, oversizowa bluza z szerokim dekoltem, opadaj\u0105ca na rami\u0119.<br \/>\nLu\u017ane, d\u0142ugie r\u0119kawy, kieszenie boczne.<br \/>\nKolor mleczny <\/p>\n<p>Onesize<br \/>\nSzeroko\u015b\u0107 65 cm<br \/>\nD\u0142ugo\u015b\u0107: 65 cm<\/p>\n<p>Sk\u0142ad : 100% bawe\u0142ny<\/p>\n","protected":false},"excerpt":{"rendered":"<p>Bawe\u0142niana, oversizowa bluza z szerokim dekoltem, opadaj\u0105ca na rami\u0119. Lu\u017ane, d\u0142ugie r\u0119kawy, kieszenie boczne. Kolor mleczny Onesize Szeroko\u015b\u0107 65 cm D\u0142ugo\u015b\u0107: 65 cm Sk\u0142ad : 100% bawe\u0142ny<\/p>\n","protected":false},"featured_media":2904,"comment_status":"open","ping_status":"closed","template":"","meta":[],"product_cat":[16],"product_tag":[35],"yoast_head":"<!-- This site is optimized with the Yoast SEO plugin v22.2 - https:\/\/yoast.com\/wordpress\/plugins\/seo\/ -->\n<title>White collar sweatshirt - Lazy Cangoo<\/title>\n<meta name=\"robots\" content=\"index, follow, max-snippet:-1, max-image-preview:large, max-video-preview:-1\" \/>\n<link rel=\"canonical\" href=\"https:\/\/lazycangoo.pl\/pl\/produkt\/a-white-collar-sweatshirt\/\" \/>\n<meta property=\"og:locale\" content=\"pl_PL\" \/>\n<meta property=\"og:type\" content=\"article\" \/>\n<meta property=\"og:title\" content=\"White collar sweatshirt - Lazy Cangoo\" \/>\n<meta property=\"og:description\" content=\"Bawe\u0142niana, oversizowa bluza z szerokim dekoltem, opadaj\u0105ca na rami\u0119. Lu\u017ane, d\u0142ugie r\u0119kawy, kieszenie boczne. Kolor mleczny Onesize Szeroko\u015b\u0107 65 cm D\u0142ugo\u015b\u0107: 65 cm Sk\u0142ad : 100% bawe\u0142ny\" \/>\n<meta property=\"og:url\" content=\"https:\/\/lazycangoo.pl\/pl\/produkt\/a-white-collar-sweatshirt\/\" \/>\n<meta property=\"og:site_name\" content=\"Lazy Cangoo\" \/>\n<meta property=\"article:modified_time\" content=\"2026-03-04T16:26:06+00:00\" \/>\n<meta property=\"og:image\" content=\"https:\/\/lazycangoo.pl\/wp-content\/uploads\/2025\/06\/IMG_0991-1-scaled.jpeg\" \/>\n\t<meta property=\"og:image:width\" content=\"1920\" \/>\n\t<meta property=\"og:image:height\" content=\"2560\" \/>\n\t<meta property=\"og:image:type\" content=\"image\/jpeg\" \/>\n<meta name=\"twitter:card\" content=\"summary_large_image\" \/>\n<meta name=\"twitter:label1\" content=\"Szacowany czas czytania\" \/>\n\t<meta name=\"twitter:data1\" content=\"1 minuta\" \/>\n<script type=\"application\/ld+json\" class=\"yoast-schema-graph\">{\"@context\":\"https:\/\/schema.org\",\"@graph\":[{\"@type\":\"WebPage\",\"@id\":\"https:\/\/lazycangoo.pl\/produkt\/a-white-collar-sweatshirt\/\",\"url\":\"https:\/\/lazycangoo.pl\/produkt\/a-white-collar-sweatshirt\/\",\"name\":\"White collar sweatshirt - Lazy Cangoo\",\"isPartOf\":{\"@id\":\"https:\/\/lazycangoo.pl\/#website\"},\"primaryImageOfPage\":{\"@id\":\"https:\/\/lazycangoo.pl\/produkt\/a-white-collar-sweatshirt\/#primaryimage\"},\"image\":{\"@id\":\"https:\/\/lazycangoo.pl\/produkt\/a-white-collar-sweatshirt\/#primaryimage\"},\"thumbnailUrl\":\"https:\/\/i0.wp.com\/lazycangoo.pl\/wp-content\/uploads\/2025\/06\/IMG_0991-1-scaled.jpeg?fit=1920%2C2560&ssl=1\",\"datePublished\":\"2025-06-29T09:23:32+00:00\",\"dateModified\":\"2026-03-04T16:26:06+00:00\",\"breadcrumb\":{\"@id\":\"https:\/\/lazycangoo.pl\/produkt\/a-white-collar-sweatshirt\/#breadcrumb\"},\"inLanguage\":\"pl-PL\",\"potentialAction\":[{\"@type\":\"ReadAction\",\"target\":[\"https:\/\/lazycangoo.pl\/produkt\/a-white-collar-sweatshirt\/\"]}]},{\"@type\":\"ImageObject\",\"inLanguage\":\"pl-PL\",\"@id\":\"https:\/\/lazycangoo.pl\/produkt\/a-white-collar-sweatshirt\/#primaryimage\",\"url\":\"https:\/\/i0.wp.com\/lazycangoo.pl\/wp-content\/uploads\/2025\/06\/IMG_0991-1-scaled.jpeg?fit=1920%2C2560&ssl=1\",\"contentUrl\":\"https:\/\/i0.wp.com\/lazycangoo.pl\/wp-content\/uploads\/2025\/06\/IMG_0991-1-scaled.jpeg?fit=1920%2C2560&ssl=1\",\"width\":1920,\"height\":2560},{\"@type\":\"BreadcrumbList\",\"@id\":\"https:\/\/lazycangoo.pl\/produkt\/a-white-collar-sweatshirt\/#breadcrumb\",\"itemListElement\":[{\"@type\":\"ListItem\",\"position\":1,\"name\":\"Strona g\u0142\u00f3wna\",\"item\":\"https:\/\/lazycangoo.pl\/\"},{\"@type\":\"ListItem\",\"position\":2,\"name\":\"Sklep\",\"item\":\"https:\/\/lazycangoo.pl\/sklep\/\"},{\"@type\":\"ListItem\",\"position\":3,\"name\":\"White collar sweatshirt\"}]},{\"@type\":\"WebSite\",\"@id\":\"https:\/\/lazycangoo.pl\/#website\",\"url\":\"https:\/\/lazycangoo.pl\/\",\"name\":\"Lazy Cangoo\",\"description\":\"Store\",\"potentialAction\":[{\"@type\":\"SearchAction\",\"target\":{\"@type\":\"EntryPoint\",\"urlTemplate\":\"https:\/\/lazycangoo.pl\/?s={search_term_string}\"},\"query-input\":\"required name=search_term_string\"}],\"inLanguage\":\"pl-PL\"}]}<\/script>\n<!-- \/ Yoast SEO plugin. -->","yoast_head_json":{"title":"White collar sweatshirt - Lazy Cangoo","robots":{"index":"index","follow":"follow","max-snippet":"max-snippet:-1","max-image-preview":"max-image-preview:large","max-video-preview":"max-video-preview:-1"},"canonical":"https:\/\/lazycangoo.pl\/pl\/produkt\/a-white-collar-sweatshirt\/","og_locale":"pl_PL","og_type":"article","og_title":"White collar sweatshirt - Lazy Cangoo","og_description":"Bawe\u0142niana, oversizowa bluza z szerokim dekoltem, opadaj\u0105ca na rami\u0119. Lu\u017ane, d\u0142ugie r\u0119kawy, kieszenie boczne. Kolor mleczny Onesize Szeroko\u015b\u0107 65 cm D\u0142ugo\u015b\u0107: 65 cm Sk\u0142ad : 100% bawe\u0142ny","og_url":"https:\/\/lazycangoo.pl\/pl\/produkt\/a-white-collar-sweatshirt\/","og_site_name":"Lazy Cangoo","article_modified_time":"2026-03-04T16:26:06+00:00","og_image":[{"width":1920,"height":2560,"url":"https:\/\/lazycangoo.pl\/wp-content\/uploads\/2025\/06\/IMG_0991-1-scaled.jpeg","type":"image\/jpeg"}],"twitter_card":"summary_large_image","twitter_misc":{"Szacowany czas czytania":"1 minuta"},"schema":{"@context":"https:\/\/schema.org","@graph":[{"@type":"WebPage","@id":"https:\/\/lazycangoo.pl\/produkt\/a-white-collar-sweatshirt\/","url":"https:\/\/lazycangoo.pl\/produkt\/a-white-collar-sweatshirt\/","name":"White collar sweatshirt - Lazy Cangoo","isPartOf":{"@id":"https:\/\/lazycangoo.pl\/#website"},"primaryImageOfPage":{"@id":"https:\/\/lazycangoo.pl\/produkt\/a-white-collar-sweatshirt\/#primaryimage"},"image":{"@id":"https:\/\/lazycangoo.pl\/produkt\/a-white-collar-sweatshirt\/#primaryimage"},"thumbnailUrl":"https:\/\/i0.wp.com\/lazycangoo.pl\/wp-content\/uploads\/2025\/06\/IMG_0991-1-scaled.jpeg?fit=1920%2C2560&ssl=1","datePublished":"2025-06-29T09:23:32+00:00","dateModified":"2026-03-04T16:26:06+00:00","breadcrumb":{"@id":"https:\/\/lazycangoo.pl\/produkt\/a-white-collar-sweatshirt\/#breadcrumb"},"inLanguage":"pl-PL","potentialAction":[{"@type":"ReadAction","target":["https:\/\/lazycangoo.pl\/produkt\/a-white-collar-sweatshirt\/"]}]},{"@type":"ImageObject","inLanguage":"pl-PL","@id":"https:\/\/lazycangoo.pl\/produkt\/a-white-collar-sweatshirt\/#primaryimage","url":"https:\/\/i0.wp.com\/lazycangoo.pl\/wp-content\/uploads\/2025\/06\/IMG_0991-1-scaled.jpeg?fit=1920%2C2560&ssl=1","contentUrl":"https:\/\/i0.wp.com\/lazycangoo.pl\/wp-content\/uploads\/2025\/06\/IMG_0991-1-scaled.jpeg?fit=1920%2C2560&ssl=1","width":1920,"height":2560},{"@type":"BreadcrumbList","@id":"https:\/\/lazycangoo.pl\/produkt\/a-white-collar-sweatshirt\/#breadcrumb","itemListElement":[{"@type":"ListItem","position":1,"name":"Strona g\u0142\u00f3wna","item":"https:\/\/lazycangoo.pl\/"},{"@type":"ListItem","position":2,"name":"Sklep","item":"https:\/\/lazycangoo.pl\/sklep\/"},{"@type":"ListItem","position":3,"name":"White collar sweatshirt"}]},{"@type":"WebSite","@id":"https:\/\/lazycangoo.pl\/#website","url":"https:\/\/lazycangoo.pl\/","name":"Lazy Cangoo","description":"Store","potentialAction":[{"@type":"SearchAction","target":{"@type":"EntryPoint","urlTemplate":"https:\/\/lazycangoo.pl\/?s={search_term_string}"},"query-input":"required name=search_term_string"}],"inLanguage":"pl-PL"}]}},"jetpack_sharing_enabled":true,"_links":{"self":[{"href":"https:\/\/lazycangoo.pl\/pl\/wp-json\/wp\/v2\/product\/2899"}],"collection":[{"href":"https:\/\/lazycangoo.pl\/pl\/wp-json\/wp\/v2\/product"}],"about":[{"href":"https:\/\/lazycangoo.pl\/pl\/wp-json\/wp\/v2\/types\/product"}],"replies":[{"embeddable":true,"href":"https:\/\/lazycangoo.pl\/pl\/wp-json\/wp\/v2\/comments?post=2899"}],"wp:featuredmedia":[{"embeddable":true,"href":"https:\/\/lazycangoo.pl\/pl\/wp-json\/wp\/v2\/media\/2904"}],"wp:attachment":[{"href":"https:\/\/lazycangoo.pl\/pl\/wp-json\/wp\/v2\/media?parent=2899"}],"wp:term":[{"taxonomy":"product_cat","embeddable":true,"href":"https:\/\/lazycangoo.pl\/pl\/wp-json\/wp\/v2\/product_cat?post=2899"},{"taxonomy":"product_tag","embeddable":true,"href":"https:\/\/lazycangoo.pl\/pl\/wp-json\/wp\/v2\/product_tag?post=2899"}],"curies":[{"name":"wp","href":"https:\/\/api.w.org\/{rel}","templated":true}]}}