{"id":46,"date":"2019-02-13T14:28:19","date_gmt":"2019-02-13T14:28:19","guid":{"rendered":"https:\/\/lazycangoo.pl\/wordpress\/?page_id=46"},"modified":"2020-06-16T19:48:58","modified_gmt":"2020-06-16T19:48:58","slug":"homepage","status":"publish","type":"page","link":"https:\/\/lazycangoo.pl\/pl\/","title":{"rendered":"Homepage"},"content":{"rendered":"","protected":false},"excerpt":{"rendered":"","protected":false},"author":1,"featured_media":0,"parent":0,"menu_order":0,"comment_status":"closed","ping_status":"closed","template":"","meta":{"footnotes":""},"yoast_head":"<!-- This site is optimized with the Yoast SEO plugin v22.2 - https:\/\/yoast.com\/wordpress\/plugins\/seo\/ -->\n<title>Lazy Cangoo - Sklep Internetowy<\/title>\n<meta name=\"description\" content=\"Lazy Cangoo - Sklep Internetowy. Marka, kt\u00f3re swoje kolekcje kieruje do kobiet, kt\u00f3re w modzie poszukuj\u0105 nieoczywistych rozwi\u0105za\u0144, kt\u00f3re kochaj\u0105 luz a jednocze\u015bnie chc\u0105 si\u0119 wyr\u00f3\u017cnia\u0107 swoim wygl\u0105dem.\" \/>\n<meta name=\"robots\" content=\"index, follow, max-snippet:-1, max-image-preview:large, max-video-preview:-1\" \/>\n<link rel=\"canonical\" href=\"https:\/\/lazycangoo.pl\/pl\/\" \/>\n<meta property=\"og:locale\" content=\"pl_PL\" \/>\n<meta property=\"og:type\" content=\"article\" \/>\n<meta property=\"og:title\" content=\"Lazy Cangoo - Sklep Internetowy\" \/>\n<meta property=\"og:description\" content=\"Lazy Cangoo - Sklep Internetowy. Marka, kt\u00f3re swoje kolekcje kieruje do kobiet, kt\u00f3re w modzie poszukuj\u0105 nieoczywistych rozwi\u0105za\u0144, kt\u00f3re kochaj\u0105 luz a jednocze\u015bnie chc\u0105 si\u0119 wyr\u00f3\u017cnia\u0107 swoim wygl\u0105dem.\" \/>\n<meta property=\"og:url\" content=\"https:\/\/lazycangoo.pl\/pl\/\" \/>\n<meta property=\"og:site_name\" content=\"Lazy Cangoo\" \/>\n<meta property=\"article:modified_time\" content=\"2020-06-16T19:48:58+00:00\" \/>\n<meta name=\"twitter:card\" content=\"summary_large_image\" \/>\n<script type=\"application\/ld+json\" class=\"yoast-schema-graph\">{\"@context\":\"https:\/\/schema.org\",\"@graph\":[{\"@type\":\"WebPage\",\"@id\":\"https:\/\/lazycangoo.pl\/\",\"url\":\"https:\/\/lazycangoo.pl\/\",\"name\":\"Lazy Cangoo - Sklep Internetowy\",\"isPartOf\":{\"@id\":\"https:\/\/lazycangoo.pl\/#website\"},\"datePublished\":\"2019-02-13T14:28:19+00:00\",\"dateModified\":\"2020-06-16T19:48:58+00:00\",\"description\":\"Lazy Cangoo - Sklep Internetowy. Marka, kt\u00f3re swoje kolekcje kieruje do kobiet, kt\u00f3re w modzie poszukuj\u0105 nieoczywistych rozwi\u0105za\u0144, kt\u00f3re kochaj\u0105 luz a jednocze\u015bnie chc\u0105 si\u0119 wyr\u00f3\u017cnia\u0107 swoim wygl\u0105dem.\",\"breadcrumb\":{\"@id\":\"https:\/\/lazycangoo.pl\/#breadcrumb\"},\"inLanguage\":\"pl-PL\",\"potentialAction\":[{\"@type\":\"ReadAction\",\"target\":[\"https:\/\/lazycangoo.pl\/\"]}]},{\"@type\":\"BreadcrumbList\",\"@id\":\"https:\/\/lazycangoo.pl\/#breadcrumb\",\"itemListElement\":[{\"@type\":\"ListItem\",\"position\":1,\"name\":\"Strona g\u0142\u00f3wna\",\"item\":\"https:\/\/lazycangoo.pl\/\"},{\"@type\":\"ListItem\",\"position\":2,\"name\":\"Homepage\"}]},{\"@type\":\"WebSite\",\"@id\":\"https:\/\/lazycangoo.pl\/#website\",\"url\":\"https:\/\/lazycangoo.pl\/\",\"name\":\"Lazy Cangoo\",\"description\":\"Store\",\"potentialAction\":[{\"@type\":\"SearchAction\",\"target\":{\"@type\":\"EntryPoint\",\"urlTemplate\":\"https:\/\/lazycangoo.pl\/?s={search_term_string}\"},\"query-input\":\"required name=search_term_string\"}],\"inLanguage\":\"pl-PL\"}]}<\/script>\n<!-- \/ Yoast SEO plugin. -->","yoast_head_json":{"title":"Lazy Cangoo - Sklep Internetowy","description":"Lazy Cangoo - Sklep Internetowy. Marka, kt\u00f3re swoje kolekcje kieruje do kobiet, kt\u00f3re w modzie poszukuj\u0105 nieoczywistych rozwi\u0105za\u0144, kt\u00f3re kochaj\u0105 luz a jednocze\u015bnie chc\u0105 si\u0119 wyr\u00f3\u017cnia\u0107 swoim wygl\u0105dem.","robots":{"index":"index","follow":"follow","max-snippet":"max-snippet:-1","max-image-preview":"max-image-preview:large","max-video-preview":"max-video-preview:-1"},"canonical":"https:\/\/lazycangoo.pl\/pl\/","og_locale":"pl_PL","og_type":"article","og_title":"Lazy Cangoo - Sklep Internetowy","og_description":"Lazy Cangoo - Sklep Internetowy. Marka, kt\u00f3re swoje kolekcje kieruje do kobiet, kt\u00f3re w modzie poszukuj\u0105 nieoczywistych rozwi\u0105za\u0144, kt\u00f3re kochaj\u0105 luz a jednocze\u015bnie chc\u0105 si\u0119 wyr\u00f3\u017cnia\u0107 swoim wygl\u0105dem.","og_url":"https:\/\/lazycangoo.pl\/pl\/","og_site_name":"Lazy Cangoo","article_modified_time":"2020-06-16T19:48:58+00:00","twitter_card":"summary_large_image","schema":{"@context":"https:\/\/schema.org","@graph":[{"@type":"WebPage","@id":"https:\/\/lazycangoo.pl\/","url":"https:\/\/lazycangoo.pl\/","name":"Lazy Cangoo - Sklep Internetowy","isPartOf":{"@id":"https:\/\/lazycangoo.pl\/#website"},"datePublished":"2019-02-13T14:28:19+00:00","dateModified":"2020-06-16T19:48:58+00:00","description":"Lazy Cangoo - Sklep Internetowy. Marka, kt\u00f3re swoje kolekcje kieruje do kobiet, kt\u00f3re w modzie poszukuj\u0105 nieoczywistych rozwi\u0105za\u0144, kt\u00f3re kochaj\u0105 luz a jednocze\u015bnie chc\u0105 si\u0119 wyr\u00f3\u017cnia\u0107 swoim wygl\u0105dem.","breadcrumb":{"@id":"https:\/\/lazycangoo.pl\/#breadcrumb"},"inLanguage":"pl-PL","potentialAction":[{"@type":"ReadAction","target":["https:\/\/lazycangoo.pl\/"]}]},{"@type":"BreadcrumbList","@id":"https:\/\/lazycangoo.pl\/#breadcrumb","itemListElement":[{"@type":"ListItem","position":1,"name":"Strona g\u0142\u00f3wna","item":"https:\/\/lazycangoo.pl\/"},{"@type":"ListItem","position":2,"name":"Homepage"}]},{"@type":"WebSite","@id":"https:\/\/lazycangoo.pl\/#website","url":"https:\/\/lazycangoo.pl\/","name":"Lazy Cangoo","description":"Store","potentialAction":[{"@type":"SearchAction","target":{"@type":"EntryPoint","urlTemplate":"https:\/\/lazycangoo.pl\/?s={search_term_string}"},"query-input":"required name=search_term_string"}],"inLanguage":"pl-PL"}]}},"jetpack_sharing_enabled":true,"_links":{"self":[{"href":"https:\/\/lazycangoo.pl\/pl\/wp-json\/wp\/v2\/pages\/46"}],"collection":[{"href":"https:\/\/lazycangoo.pl\/pl\/wp-json\/wp\/v2\/pages"}],"about":[{"href":"https:\/\/lazycangoo.pl\/pl\/wp-json\/wp\/v2\/types\/page"}],"author":[{"embeddable":true,"href":"https:\/\/lazycangoo.pl\/pl\/wp-json\/wp\/v2\/users\/1"}],"replies":[{"embeddable":true,"href":"https:\/\/lazycangoo.pl\/pl\/wp-json\/wp\/v2\/comments?post=46"}],"version-history":[{"count":1,"href":"https:\/\/lazycangoo.pl\/pl\/wp-json\/wp\/v2\/pages\/46\/revisions"}],"predecessor-version":[{"id":48,"href":"https:\/\/lazycangoo.pl\/pl\/wp-json\/wp\/v2\/pages\/46\/revisions\/48"}],"wp:attachment":[{"href":"https:\/\/lazycangoo.pl\/pl\/wp-json\/wp\/v2\/media?parent=46"}],"curies":[{"name":"wp","href":"https:\/\/api.w.org\/{rel}","templated":true}]}}