{"id":206,"date":"2019-02-14T14:37:05","date_gmt":"2019-02-14T14:37:05","guid":{"rendered":"https:\/\/lazycangoo.pl\/wordpress\/?page_id=206"},"modified":"2025-08-08T07:00:10","modified_gmt":"2025-08-08T07:00:10","slug":"o-nas","status":"publish","type":"page","link":"https:\/\/lazycangoo.pl\/pl\/o-nas\/","title":{"rendered":"O mnie"},"content":{"rendered":"\n<p><\/p>\n\n\n\n<p>Lazy Cangoo powsta\u0142o z potrzeby tworzenia wygodnych i wyj\u0105tkowych ubra\u0144 \u2013 takich, kt\u00f3re pozwalaj\u0105 poczu\u0107 si\u0119 sob\u0105, bez spiny, bez po\u015bpiechu.<\/p>\n\n\n\n<p>Ka\u017cda rzecz dost\u0119pna w sklepie powstaje w ma\u0142ych ilo\u015bciach \u2013 cz\u0119sto barwiona r\u0119cznie, szyta z naturalnych tkanin, w lu\u017anych, swobodnych krojach, kt\u00f3re pasuj\u0105 do r\u00f3\u017cnych sylwetek i nastroj\u00f3w.<\/p>\n\n\n\n<p>Dzi\u0119kuj\u0119, \u017ce jeste\u015b.<\/p>\n\n\n\n<p><\/p>\n\n\n\n<p class=\"has-text-align-center\"><\/p>\n\n\n\n<p class=\"has-text-align-center\"><\/p>\n\n\n\n<p class=\"has-text-align-center\"><\/p>\n\n\n\n<p class=\"has-text-align-center\"><\/p>\n","protected":false},"excerpt":{"rendered":"<p>Lazy Cangoo powsta\u0142o z potrzeby tworzenia wygodnych i wyj\u0105tkowych ubra\u0144 \u2013 takich, kt\u00f3re pozwalaj\u0105 poczu\u0107 si\u0119 sob\u0105, bez spiny, bez po\u015bpiechu. Ka\u017cda rzecz dost\u0119pna w sklepie powstaje w ma\u0142ych ilo\u015bciach \u2013 cz\u0119sto barwiona r\u0119cznie, szyta z naturalnych tkanin, w lu\u017anych, swobodnych krojach, kt\u00f3re pasuj\u0105 do r\u00f3\u017cnych sylwetek i nastroj\u00f3w. Dzi\u0119kuj\u0119, \u017ce jeste\u015b.<\/p>\n","protected":false},"author":1,"featured_media":0,"parent":0,"menu_order":0,"comment_status":"closed","ping_status":"closed","template":"template-contact.php","meta":{"footnotes":""},"yoast_head":"<!-- This site is optimized with the Yoast SEO plugin v22.2 - https:\/\/yoast.com\/wordpress\/plugins\/seo\/ -->\n<title>O mnie - Lazy Cangoo<\/title>\n<meta name=\"robots\" content=\"index, follow, max-snippet:-1, max-image-preview:large, max-video-preview:-1\" \/>\n<link rel=\"canonical\" href=\"https:\/\/lazycangoo.pl\/pl\/o-nas\/\" \/>\n<meta property=\"og:locale\" content=\"pl_PL\" \/>\n<meta property=\"og:type\" content=\"article\" \/>\n<meta property=\"og:title\" content=\"O mnie - Lazy Cangoo\" \/>\n<meta property=\"og:description\" content=\"Lazy Cangoo powsta\u0142o z potrzeby tworzenia wygodnych i wyj\u0105tkowych ubra\u0144 \u2013 takich, kt\u00f3re pozwalaj\u0105 poczu\u0107 si\u0119 sob\u0105, bez spiny, bez po\u015bpiechu. Ka\u017cda rzecz dost\u0119pna w sklepie powstaje w ma\u0142ych ilo\u015bciach \u2013 cz\u0119sto barwiona r\u0119cznie, szyta z naturalnych tkanin, w lu\u017anych, swobodnych krojach, kt\u00f3re pasuj\u0105 do r\u00f3\u017cnych sylwetek i nastroj\u00f3w. Dzi\u0119kuj\u0119, \u017ce jeste\u015b.\" \/>\n<meta property=\"og:url\" content=\"https:\/\/lazycangoo.pl\/pl\/o-nas\/\" \/>\n<meta property=\"og:site_name\" content=\"Lazy Cangoo\" \/>\n<meta property=\"article:modified_time\" content=\"2025-08-08T07:00:10+00:00\" \/>\n<meta name=\"twitter:card\" content=\"summary_large_image\" \/>\n<meta name=\"twitter:label1\" content=\"Szacowany czas czytania\" \/>\n\t<meta name=\"twitter:data1\" content=\"1 minuta\" \/>\n<script type=\"application\/ld+json\" class=\"yoast-schema-graph\">{\"@context\":\"https:\/\/schema.org\",\"@graph\":[{\"@type\":\"WebPage\",\"@id\":\"https:\/\/lazycangoo.pl\/o-nas\/\",\"url\":\"https:\/\/lazycangoo.pl\/o-nas\/\",\"name\":\"O mnie - Lazy Cangoo\",\"isPartOf\":{\"@id\":\"https:\/\/lazycangoo.pl\/#website\"},\"datePublished\":\"2019-02-14T14:37:05+00:00\",\"dateModified\":\"2025-08-08T07:00:10+00:00\",\"breadcrumb\":{\"@id\":\"https:\/\/lazycangoo.pl\/o-nas\/#breadcrumb\"},\"inLanguage\":\"pl-PL\",\"potentialAction\":[{\"@type\":\"ReadAction\",\"target\":[\"https:\/\/lazycangoo.pl\/o-nas\/\"]}]},{\"@type\":\"BreadcrumbList\",\"@id\":\"https:\/\/lazycangoo.pl\/o-nas\/#breadcrumb\",\"itemListElement\":[{\"@type\":\"ListItem\",\"position\":1,\"name\":\"Strona g\u0142\u00f3wna\",\"item\":\"https:\/\/lazycangoo.pl\/\"},{\"@type\":\"ListItem\",\"position\":2,\"name\":\"O mnie\"}]},{\"@type\":\"WebSite\",\"@id\":\"https:\/\/lazycangoo.pl\/#website\",\"url\":\"https:\/\/lazycangoo.pl\/\",\"name\":\"Lazy Cangoo\",\"description\":\"Store\",\"potentialAction\":[{\"@type\":\"SearchAction\",\"target\":{\"@type\":\"EntryPoint\",\"urlTemplate\":\"https:\/\/lazycangoo.pl\/?s={search_term_string}\"},\"query-input\":\"required name=search_term_string\"}],\"inLanguage\":\"pl-PL\"}]}<\/script>\n<!-- \/ Yoast SEO plugin. -->","yoast_head_json":{"title":"O mnie - Lazy Cangoo","robots":{"index":"index","follow":"follow","max-snippet":"max-snippet:-1","max-image-preview":"max-image-preview:large","max-video-preview":"max-video-preview:-1"},"canonical":"https:\/\/lazycangoo.pl\/pl\/o-nas\/","og_locale":"pl_PL","og_type":"article","og_title":"O mnie - Lazy Cangoo","og_description":"Lazy Cangoo powsta\u0142o z potrzeby tworzenia wygodnych i wyj\u0105tkowych ubra\u0144 \u2013 takich, kt\u00f3re pozwalaj\u0105 poczu\u0107 si\u0119 sob\u0105, bez spiny, bez po\u015bpiechu. Ka\u017cda rzecz dost\u0119pna w sklepie powstaje w ma\u0142ych ilo\u015bciach \u2013 cz\u0119sto barwiona r\u0119cznie, szyta z naturalnych tkanin, w lu\u017anych, swobodnych krojach, kt\u00f3re pasuj\u0105 do r\u00f3\u017cnych sylwetek i nastroj\u00f3w. Dzi\u0119kuj\u0119, \u017ce jeste\u015b.","og_url":"https:\/\/lazycangoo.pl\/pl\/o-nas\/","og_site_name":"Lazy Cangoo","article_modified_time":"2025-08-08T07:00:10+00:00","twitter_card":"summary_large_image","twitter_misc":{"Szacowany czas czytania":"1 minuta"},"schema":{"@context":"https:\/\/schema.org","@graph":[{"@type":"WebPage","@id":"https:\/\/lazycangoo.pl\/o-nas\/","url":"https:\/\/lazycangoo.pl\/o-nas\/","name":"O mnie - Lazy Cangoo","isPartOf":{"@id":"https:\/\/lazycangoo.pl\/#website"},"datePublished":"2019-02-14T14:37:05+00:00","dateModified":"2025-08-08T07:00:10+00:00","breadcrumb":{"@id":"https:\/\/lazycangoo.pl\/o-nas\/#breadcrumb"},"inLanguage":"pl-PL","potentialAction":[{"@type":"ReadAction","target":["https:\/\/lazycangoo.pl\/o-nas\/"]}]},{"@type":"BreadcrumbList","@id":"https:\/\/lazycangoo.pl\/o-nas\/#breadcrumb","itemListElement":[{"@type":"ListItem","position":1,"name":"Strona g\u0142\u00f3wna","item":"https:\/\/lazycangoo.pl\/"},{"@type":"ListItem","position":2,"name":"O mnie"}]},{"@type":"WebSite","@id":"https:\/\/lazycangoo.pl\/#website","url":"https:\/\/lazycangoo.pl\/","name":"Lazy Cangoo","description":"Store","potentialAction":[{"@type":"SearchAction","target":{"@type":"EntryPoint","urlTemplate":"https:\/\/lazycangoo.pl\/?s={search_term_string}"},"query-input":"required name=search_term_string"}],"inLanguage":"pl-PL"}]}},"jetpack_sharing_enabled":true,"_links":{"self":[{"href":"https:\/\/lazycangoo.pl\/pl\/wp-json\/wp\/v2\/pages\/206"}],"collection":[{"href":"https:\/\/lazycangoo.pl\/pl\/wp-json\/wp\/v2\/pages"}],"about":[{"href":"https:\/\/lazycangoo.pl\/pl\/wp-json\/wp\/v2\/types\/page"}],"author":[{"embeddable":true,"href":"https:\/\/lazycangoo.pl\/pl\/wp-json\/wp\/v2\/users\/1"}],"replies":[{"embeddable":true,"href":"https:\/\/lazycangoo.pl\/pl\/wp-json\/wp\/v2\/comments?post=206"}],"version-history":[{"count":3,"href":"https:\/\/lazycangoo.pl\/pl\/wp-json\/wp\/v2\/pages\/206\/revisions"}],"predecessor-version":[{"id":2960,"href":"https:\/\/lazycangoo.pl\/pl\/wp-json\/wp\/v2\/pages\/206\/revisions\/2960"}],"wp:attachment":[{"href":"https:\/\/lazycangoo.pl\/pl\/wp-json\/wp\/v2\/media?parent=206"}],"curies":[{"name":"wp","href":"https:\/\/api.w.org\/{rel}","templated":true}]}}