{"id":2545,"date":"2024-03-27T17:21:37","date_gmt":"2024-03-27T17:21:37","guid":{"rendered":"https:\/\/lazycangoo.pl\/?post_type=product&#038;p=2545"},"modified":"2025-08-08T09:56:18","modified_gmt":"2025-08-08T09:56:18","slug":"antracyt-collar-blouse","status":"publish","type":"product","link":"https:\/\/lazycangoo.pl\/en\/product\/antracyt-collar-blouse\/","title":{"rendered":"Antracyt collar blouse"},"content":{"rendered":"<p>Bawe\u0142niana bluzka, farbowana r\u0119cznie na kolor grafitowy, w stylu grunge.<br \/>\nZe st\u00f3jk\u0105.<br \/>\nW pasie szeroki pas ze \u015bci\u0105gacza.<br \/>\nIdealna w zestawie ze spodniami Baggy cotton pants graphite.<\/p>\n<p>onesize<\/p>\n<p>sk\u0142ad : 100% bawe\u0142ny<\/p>\n<p>&nbsp;<\/p>\n<p>&nbsp;<\/p>","protected":false},"excerpt":{"rendered":"<p>Bawe\u0142niana bluzka, farbowana r\u0119cznie na kolor grafitowy, w stylu grunge. Ze st\u00f3jk\u0105. W pasie szeroki pas ze \u015bci\u0105gacza. Idealna w zestawie ze spodniami Baggy cotton pants graphite. onesize sk\u0142ad : 100% bawe\u0142ny &nbsp; &nbsp;<\/p>","protected":false},"featured_media":2547,"comment_status":"open","ping_status":"closed","template":"","meta":[],"product_cat":[16],"product_tag":[],"yoast_head":"<!-- This site is optimized with the Yoast SEO plugin v22.2 - https:\/\/yoast.com\/wordpress\/plugins\/seo\/ -->\n<title>Antracyt collar blouse - Lazy Cangoo<\/title>\n<meta name=\"robots\" content=\"index, follow, max-snippet:-1, max-image-preview:large, max-video-preview:-1\" \/>\n<link rel=\"canonical\" href=\"https:\/\/lazycangoo.pl\/en\/product\/antracyt-collar-blouse\/\" \/>\n<meta property=\"og:locale\" content=\"en_US\" \/>\n<meta property=\"og:type\" content=\"article\" \/>\n<meta property=\"og:title\" content=\"Antracyt collar blouse - Lazy Cangoo\" \/>\n<meta property=\"og:description\" content=\"Bawe\u0142niana bluzka, farbowana r\u0119cznie na kolor grafitowy, w stylu grunge. Ze st\u00f3jk\u0105. W pasie szeroki pas ze \u015bci\u0105gacza. Idealna w zestawie ze spodniami Baggy cotton pants graphite. onesize sk\u0142ad : 100% bawe\u0142ny &nbsp; &nbsp;\" \/>\n<meta property=\"og:url\" content=\"https:\/\/lazycangoo.pl\/en\/product\/antracyt-collar-blouse\/\" \/>\n<meta property=\"og:site_name\" content=\"Lazy Cangoo\" \/>\n<meta property=\"article:modified_time\" content=\"2025-08-08T09:56:18+00:00\" \/>\n<meta property=\"og:image\" content=\"https:\/\/lazycangoo.pl\/wp-content\/uploads\/2024\/03\/IMG_4350.jpeg\" \/>\n\t<meta property=\"og:image:width\" content=\"825\" \/>\n\t<meta property=\"og:image:height\" content=\"1784\" \/>\n\t<meta property=\"og:image:type\" content=\"image\/jpeg\" \/>\n<meta name=\"twitter:card\" content=\"summary_large_image\" \/>\n<meta name=\"twitter:label1\" content=\"Est. reading time\" \/>\n\t<meta name=\"twitter:data1\" content=\"1 minute\" \/>\n<script type=\"application\/ld+json\" class=\"yoast-schema-graph\">{\"@context\":\"https:\/\/schema.org\",\"@graph\":[{\"@type\":\"WebPage\",\"@id\":\"https:\/\/lazycangoo.pl\/produkt\/antracyt-collar-blouse\/\",\"url\":\"https:\/\/lazycangoo.pl\/produkt\/antracyt-collar-blouse\/\",\"name\":\"Antracyt collar blouse - Lazy Cangoo\",\"isPartOf\":{\"@id\":\"https:\/\/lazycangoo.pl\/#website\"},\"primaryImageOfPage\":{\"@id\":\"https:\/\/lazycangoo.pl\/produkt\/antracyt-collar-blouse\/#primaryimage\"},\"image\":{\"@id\":\"https:\/\/lazycangoo.pl\/produkt\/antracyt-collar-blouse\/#primaryimage\"},\"thumbnailUrl\":\"https:\/\/i0.wp.com\/lazycangoo.pl\/wp-content\/uploads\/2024\/03\/IMG_4350.jpeg?fit=825%2C1784&ssl=1\",\"datePublished\":\"2024-03-27T17:21:37+00:00\",\"dateModified\":\"2025-08-08T09:56:18+00:00\",\"breadcrumb\":{\"@id\":\"https:\/\/lazycangoo.pl\/produkt\/antracyt-collar-blouse\/#breadcrumb\"},\"inLanguage\":\"en-US\",\"potentialAction\":[{\"@type\":\"ReadAction\",\"target\":[\"https:\/\/lazycangoo.pl\/produkt\/antracyt-collar-blouse\/\"]}]},{\"@type\":\"ImageObject\",\"inLanguage\":\"en-US\",\"@id\":\"https:\/\/lazycangoo.pl\/produkt\/antracyt-collar-blouse\/#primaryimage\",\"url\":\"https:\/\/i0.wp.com\/lazycangoo.pl\/wp-content\/uploads\/2024\/03\/IMG_4350.jpeg?fit=825%2C1784&ssl=1\",\"contentUrl\":\"https:\/\/i0.wp.com\/lazycangoo.pl\/wp-content\/uploads\/2024\/03\/IMG_4350.jpeg?fit=825%2C1784&ssl=1\",\"width\":825,\"height\":1784},{\"@type\":\"BreadcrumbList\",\"@id\":\"https:\/\/lazycangoo.pl\/produkt\/antracyt-collar-blouse\/#breadcrumb\",\"itemListElement\":[{\"@type\":\"ListItem\",\"position\":1,\"name\":\"Strona g\u0142\u00f3wna\",\"item\":\"https:\/\/lazycangoo.pl\/\"},{\"@type\":\"ListItem\",\"position\":2,\"name\":\"Sklep\",\"item\":\"https:\/\/lazycangoo.pl\/sklep\/\"},{\"@type\":\"ListItem\",\"position\":3,\"name\":\"Antracyt collar blouse\"}]},{\"@type\":\"WebSite\",\"@id\":\"https:\/\/lazycangoo.pl\/#website\",\"url\":\"https:\/\/lazycangoo.pl\/\",\"name\":\"Lazy Cangoo\",\"description\":\"Store\",\"potentialAction\":[{\"@type\":\"SearchAction\",\"target\":{\"@type\":\"EntryPoint\",\"urlTemplate\":\"https:\/\/lazycangoo.pl\/?s={search_term_string}\"},\"query-input\":\"required name=search_term_string\"}],\"inLanguage\":\"en-US\"}]}<\/script>\n<!-- \/ Yoast SEO plugin. -->","yoast_head_json":{"title":"Antracyt collar blouse - Lazy Cangoo","robots":{"index":"index","follow":"follow","max-snippet":"max-snippet:-1","max-image-preview":"max-image-preview:large","max-video-preview":"max-video-preview:-1"},"canonical":"https:\/\/lazycangoo.pl\/en\/product\/antracyt-collar-blouse\/","og_locale":"en_US","og_type":"article","og_title":"Antracyt collar blouse - Lazy Cangoo","og_description":"Bawe\u0142niana bluzka, farbowana r\u0119cznie na kolor grafitowy, w stylu grunge. Ze st\u00f3jk\u0105. W pasie szeroki pas ze \u015bci\u0105gacza. Idealna w zestawie ze spodniami Baggy cotton pants graphite. onesize sk\u0142ad : 100% bawe\u0142ny &nbsp; &nbsp;","og_url":"https:\/\/lazycangoo.pl\/en\/product\/antracyt-collar-blouse\/","og_site_name":"Lazy Cangoo","article_modified_time":"2025-08-08T09:56:18+00:00","og_image":[{"width":825,"height":1784,"url":"https:\/\/lazycangoo.pl\/wp-content\/uploads\/2024\/03\/IMG_4350.jpeg","type":"image\/jpeg"}],"twitter_card":"summary_large_image","twitter_misc":{"Est. reading time":"1 minute"},"schema":{"@context":"https:\/\/schema.org","@graph":[{"@type":"WebPage","@id":"https:\/\/lazycangoo.pl\/produkt\/antracyt-collar-blouse\/","url":"https:\/\/lazycangoo.pl\/produkt\/antracyt-collar-blouse\/","name":"Antracyt collar blouse - Lazy Cangoo","isPartOf":{"@id":"https:\/\/lazycangoo.pl\/#website"},"primaryImageOfPage":{"@id":"https:\/\/lazycangoo.pl\/produkt\/antracyt-collar-blouse\/#primaryimage"},"image":{"@id":"https:\/\/lazycangoo.pl\/produkt\/antracyt-collar-blouse\/#primaryimage"},"thumbnailUrl":"https:\/\/i0.wp.com\/lazycangoo.pl\/wp-content\/uploads\/2024\/03\/IMG_4350.jpeg?fit=825%2C1784&ssl=1","datePublished":"2024-03-27T17:21:37+00:00","dateModified":"2025-08-08T09:56:18+00:00","breadcrumb":{"@id":"https:\/\/lazycangoo.pl\/produkt\/antracyt-collar-blouse\/#breadcrumb"},"inLanguage":"en-US","potentialAction":[{"@type":"ReadAction","target":["https:\/\/lazycangoo.pl\/produkt\/antracyt-collar-blouse\/"]}]},{"@type":"ImageObject","inLanguage":"en-US","@id":"https:\/\/lazycangoo.pl\/produkt\/antracyt-collar-blouse\/#primaryimage","url":"https:\/\/i0.wp.com\/lazycangoo.pl\/wp-content\/uploads\/2024\/03\/IMG_4350.jpeg?fit=825%2C1784&ssl=1","contentUrl":"https:\/\/i0.wp.com\/lazycangoo.pl\/wp-content\/uploads\/2024\/03\/IMG_4350.jpeg?fit=825%2C1784&ssl=1","width":825,"height":1784},{"@type":"BreadcrumbList","@id":"https:\/\/lazycangoo.pl\/produkt\/antracyt-collar-blouse\/#breadcrumb","itemListElement":[{"@type":"ListItem","position":1,"name":"Strona g\u0142\u00f3wna","item":"https:\/\/lazycangoo.pl\/"},{"@type":"ListItem","position":2,"name":"Sklep","item":"https:\/\/lazycangoo.pl\/sklep\/"},{"@type":"ListItem","position":3,"name":"Antracyt collar blouse"}]},{"@type":"WebSite","@id":"https:\/\/lazycangoo.pl\/#website","url":"https:\/\/lazycangoo.pl\/","name":"Lazy Cangoo","description":"Store","potentialAction":[{"@type":"SearchAction","target":{"@type":"EntryPoint","urlTemplate":"https:\/\/lazycangoo.pl\/?s={search_term_string}"},"query-input":"required name=search_term_string"}],"inLanguage":"en-US"}]}},"jetpack_sharing_enabled":true,"_links":{"self":[{"href":"https:\/\/lazycangoo.pl\/en\/wp-json\/wp\/v2\/product\/2545"}],"collection":[{"href":"https:\/\/lazycangoo.pl\/en\/wp-json\/wp\/v2\/product"}],"about":[{"href":"https:\/\/lazycangoo.pl\/en\/wp-json\/wp\/v2\/types\/product"}],"replies":[{"embeddable":true,"href":"https:\/\/lazycangoo.pl\/en\/wp-json\/wp\/v2\/comments?post=2545"}],"wp:featuredmedia":[{"embeddable":true,"href":"https:\/\/lazycangoo.pl\/en\/wp-json\/wp\/v2\/media\/2547"}],"wp:attachment":[{"href":"https:\/\/lazycangoo.pl\/en\/wp-json\/wp\/v2\/media?parent=2545"}],"wp:term":[{"taxonomy":"product_cat","embeddable":true,"href":"https:\/\/lazycangoo.pl\/en\/wp-json\/wp\/v2\/product_cat?post=2545"},{"taxonomy":"product_tag","embeddable":true,"href":"https:\/\/lazycangoo.pl\/en\/wp-json\/wp\/v2\/product_tag?post=2545"}],"curies":[{"name":"wp","href":"https:\/\/api.w.org\/{rel}","templated":true}]}}