{"id":2424,"date":"2023-06-02T15:33:08","date_gmt":"2023-06-02T15:33:08","guid":{"rendered":"https:\/\/lazycangoo.pl\/?post_type=product&#038;p=2424"},"modified":"2025-08-08T10:00:40","modified_gmt":"2025-08-08T10:00:40","slug":"graphite-hoodie-jumpsuit","status":"publish","type":"product","link":"https:\/\/lazycangoo.pl\/en\/product\/graphite-hoodie-jumpsuit\/","title":{"rendered":"Graphite Hoodie jumpsuit"},"content":{"rendered":"<p>Bawe\u0142niany kombinezon z kapturem, farbowany r\u0119cznie na kolor grafitowy ( mo\u017cliwo\u015b\u0107 zam\u00f3wienia w kolorze czarnym).<br \/>\nNa przodzie kieszenie zapinane na napy, na nogawkach kieszenie z metalowymi zamkami.<br \/>\nZapinany na metalowy suwak.<br \/>\nDelikatnie taliowany, pi\u0119knie podkre\u015bla tali\u0119.<br \/>\nKombinezon z charakterem, dla pewnych siebie kobiet \ud83d\ude42<\/p>\n<p>Dost\u0119pny w 2 rozmiarach:<br \/>\nS\/M na wzrost do 170cm oraz M\/L na wzrost powy\u017cej 170cm.<br \/>\nProsz\u0119 poda\u0107 wybrany rozmiar w komentarzu przy finalizacji zam\u00f3wienia wraz z wymiarami bioder i biustu.<\/p>\n<p>Sk\u0142ad: 100 % bawe\u0142ny<\/p>","protected":false},"excerpt":{"rendered":"<p>Bawe\u0142niany kombinezon z kapturem, farbowany r\u0119cznie na kolor grafitowy ( mo\u017cliwo\u015b\u0107 zam\u00f3wienia w kolorze czarnym). Na przodzie kieszenie zapinane na napy, na nogawkach kieszenie z metalowymi zamkami. Zapinany na metalowy suwak. Delikatnie taliowany, pi\u0119knie podkre\u015bla tali\u0119. Kombinezon z charakterem, dla pewnych siebie kobiet \ud83d\ude42 Dost\u0119pny w 2 rozmiarach: S\/M na wzrost do 170cm oraz M\/L [&hellip;]<\/p>","protected":false},"featured_media":2653,"comment_status":"open","ping_status":"closed","template":"","meta":[],"product_cat":[22],"product_tag":[45],"yoast_head":"<!-- This site is optimized with the Yoast SEO plugin v22.2 - https:\/\/yoast.com\/wordpress\/plugins\/seo\/ -->\n<title>Graphite Hoodie jumpsuit - Lazy Cangoo<\/title>\n<meta name=\"robots\" content=\"index, follow, max-snippet:-1, max-image-preview:large, max-video-preview:-1\" \/>\n<link rel=\"canonical\" href=\"https:\/\/lazycangoo.pl\/en\/product\/graphite-hoodie-jumpsuit\/\" \/>\n<meta property=\"og:locale\" content=\"en_US\" \/>\n<meta property=\"og:type\" content=\"article\" \/>\n<meta property=\"og:title\" content=\"Graphite Hoodie jumpsuit - Lazy Cangoo\" \/>\n<meta property=\"og:description\" content=\"Bawe\u0142niany kombinezon z kapturem, farbowany r\u0119cznie na kolor grafitowy ( mo\u017cliwo\u015b\u0107 zam\u00f3wienia w kolorze czarnym). Na przodzie kieszenie zapinane na napy, na nogawkach kieszenie z metalowymi zamkami. Zapinany na metalowy suwak. Delikatnie taliowany, pi\u0119knie podkre\u015bla tali\u0119. Kombinezon z charakterem, dla pewnych siebie kobiet \ud83d\ude42 Dost\u0119pny w 2 rozmiarach: S\/M na wzrost do 170cm oraz M\/L [&hellip;]\" \/>\n<meta property=\"og:url\" content=\"https:\/\/lazycangoo.pl\/en\/product\/graphite-hoodie-jumpsuit\/\" \/>\n<meta property=\"og:site_name\" content=\"Lazy Cangoo\" \/>\n<meta property=\"article:modified_time\" content=\"2025-08-08T10:00:40+00:00\" \/>\n<meta property=\"og:image\" content=\"https:\/\/lazycangoo.pl\/wp-content\/uploads\/2023\/06\/IMG_5585-scaled.jpeg\" \/>\n\t<meta property=\"og:image:width\" content=\"1688\" \/>\n\t<meta property=\"og:image:height\" content=\"2560\" \/>\n\t<meta property=\"og:image:type\" content=\"image\/jpeg\" \/>\n<meta name=\"twitter:card\" content=\"summary_large_image\" \/>\n<meta name=\"twitter:label1\" content=\"Est. reading time\" \/>\n\t<meta name=\"twitter:data1\" content=\"1 minute\" \/>\n<script type=\"application\/ld+json\" class=\"yoast-schema-graph\">{\"@context\":\"https:\/\/schema.org\",\"@graph\":[{\"@type\":\"WebPage\",\"@id\":\"https:\/\/lazycangoo.pl\/produkt\/graphite-hoodie-jumpsuit\/\",\"url\":\"https:\/\/lazycangoo.pl\/produkt\/graphite-hoodie-jumpsuit\/\",\"name\":\"Graphite Hoodie jumpsuit - Lazy Cangoo\",\"isPartOf\":{\"@id\":\"https:\/\/lazycangoo.pl\/#website\"},\"primaryImageOfPage\":{\"@id\":\"https:\/\/lazycangoo.pl\/produkt\/graphite-hoodie-jumpsuit\/#primaryimage\"},\"image\":{\"@id\":\"https:\/\/lazycangoo.pl\/produkt\/graphite-hoodie-jumpsuit\/#primaryimage\"},\"thumbnailUrl\":\"https:\/\/i0.wp.com\/lazycangoo.pl\/wp-content\/uploads\/2023\/06\/IMG_5585-scaled.jpeg?fit=1688%2C2560&ssl=1\",\"datePublished\":\"2023-06-02T15:33:08+00:00\",\"dateModified\":\"2025-08-08T10:00:40+00:00\",\"breadcrumb\":{\"@id\":\"https:\/\/lazycangoo.pl\/produkt\/graphite-hoodie-jumpsuit\/#breadcrumb\"},\"inLanguage\":\"en-US\",\"potentialAction\":[{\"@type\":\"ReadAction\",\"target\":[\"https:\/\/lazycangoo.pl\/produkt\/graphite-hoodie-jumpsuit\/\"]}]},{\"@type\":\"ImageObject\",\"inLanguage\":\"en-US\",\"@id\":\"https:\/\/lazycangoo.pl\/produkt\/graphite-hoodie-jumpsuit\/#primaryimage\",\"url\":\"https:\/\/i0.wp.com\/lazycangoo.pl\/wp-content\/uploads\/2023\/06\/IMG_5585-scaled.jpeg?fit=1688%2C2560&ssl=1\",\"contentUrl\":\"https:\/\/i0.wp.com\/lazycangoo.pl\/wp-content\/uploads\/2023\/06\/IMG_5585-scaled.jpeg?fit=1688%2C2560&ssl=1\",\"width\":1688,\"height\":2560},{\"@type\":\"BreadcrumbList\",\"@id\":\"https:\/\/lazycangoo.pl\/produkt\/graphite-hoodie-jumpsuit\/#breadcrumb\",\"itemListElement\":[{\"@type\":\"ListItem\",\"position\":1,\"name\":\"Strona g\u0142\u00f3wna\",\"item\":\"https:\/\/lazycangoo.pl\/\"},{\"@type\":\"ListItem\",\"position\":2,\"name\":\"Sklep\",\"item\":\"https:\/\/lazycangoo.pl\/sklep\/\"},{\"@type\":\"ListItem\",\"position\":3,\"name\":\"Graphite Hoodie jumpsuit\"}]},{\"@type\":\"WebSite\",\"@id\":\"https:\/\/lazycangoo.pl\/#website\",\"url\":\"https:\/\/lazycangoo.pl\/\",\"name\":\"Lazy Cangoo\",\"description\":\"Store\",\"potentialAction\":[{\"@type\":\"SearchAction\",\"target\":{\"@type\":\"EntryPoint\",\"urlTemplate\":\"https:\/\/lazycangoo.pl\/?s={search_term_string}\"},\"query-input\":\"required name=search_term_string\"}],\"inLanguage\":\"en-US\"}]}<\/script>\n<!-- \/ Yoast SEO plugin. -->","yoast_head_json":{"title":"Graphite Hoodie jumpsuit - Lazy Cangoo","robots":{"index":"index","follow":"follow","max-snippet":"max-snippet:-1","max-image-preview":"max-image-preview:large","max-video-preview":"max-video-preview:-1"},"canonical":"https:\/\/lazycangoo.pl\/en\/product\/graphite-hoodie-jumpsuit\/","og_locale":"en_US","og_type":"article","og_title":"Graphite Hoodie jumpsuit - Lazy Cangoo","og_description":"Bawe\u0142niany kombinezon z kapturem, farbowany r\u0119cznie na kolor grafitowy ( mo\u017cliwo\u015b\u0107 zam\u00f3wienia w kolorze czarnym). Na przodzie kieszenie zapinane na napy, na nogawkach kieszenie z metalowymi zamkami. Zapinany na metalowy suwak. Delikatnie taliowany, pi\u0119knie podkre\u015bla tali\u0119. Kombinezon z charakterem, dla pewnych siebie kobiet \ud83d\ude42 Dost\u0119pny w 2 rozmiarach: S\/M na wzrost do 170cm oraz M\/L [&hellip;]","og_url":"https:\/\/lazycangoo.pl\/en\/product\/graphite-hoodie-jumpsuit\/","og_site_name":"Lazy Cangoo","article_modified_time":"2025-08-08T10:00:40+00:00","og_image":[{"width":1688,"height":2560,"url":"https:\/\/lazycangoo.pl\/wp-content\/uploads\/2023\/06\/IMG_5585-scaled.jpeg","type":"image\/jpeg"}],"twitter_card":"summary_large_image","twitter_misc":{"Est. reading time":"1 minute"},"schema":{"@context":"https:\/\/schema.org","@graph":[{"@type":"WebPage","@id":"https:\/\/lazycangoo.pl\/produkt\/graphite-hoodie-jumpsuit\/","url":"https:\/\/lazycangoo.pl\/produkt\/graphite-hoodie-jumpsuit\/","name":"Graphite Hoodie jumpsuit - Lazy Cangoo","isPartOf":{"@id":"https:\/\/lazycangoo.pl\/#website"},"primaryImageOfPage":{"@id":"https:\/\/lazycangoo.pl\/produkt\/graphite-hoodie-jumpsuit\/#primaryimage"},"image":{"@id":"https:\/\/lazycangoo.pl\/produkt\/graphite-hoodie-jumpsuit\/#primaryimage"},"thumbnailUrl":"https:\/\/i0.wp.com\/lazycangoo.pl\/wp-content\/uploads\/2023\/06\/IMG_5585-scaled.jpeg?fit=1688%2C2560&ssl=1","datePublished":"2023-06-02T15:33:08+00:00","dateModified":"2025-08-08T10:00:40+00:00","breadcrumb":{"@id":"https:\/\/lazycangoo.pl\/produkt\/graphite-hoodie-jumpsuit\/#breadcrumb"},"inLanguage":"en-US","potentialAction":[{"@type":"ReadAction","target":["https:\/\/lazycangoo.pl\/produkt\/graphite-hoodie-jumpsuit\/"]}]},{"@type":"ImageObject","inLanguage":"en-US","@id":"https:\/\/lazycangoo.pl\/produkt\/graphite-hoodie-jumpsuit\/#primaryimage","url":"https:\/\/i0.wp.com\/lazycangoo.pl\/wp-content\/uploads\/2023\/06\/IMG_5585-scaled.jpeg?fit=1688%2C2560&ssl=1","contentUrl":"https:\/\/i0.wp.com\/lazycangoo.pl\/wp-content\/uploads\/2023\/06\/IMG_5585-scaled.jpeg?fit=1688%2C2560&ssl=1","width":1688,"height":2560},{"@type":"BreadcrumbList","@id":"https:\/\/lazycangoo.pl\/produkt\/graphite-hoodie-jumpsuit\/#breadcrumb","itemListElement":[{"@type":"ListItem","position":1,"name":"Strona g\u0142\u00f3wna","item":"https:\/\/lazycangoo.pl\/"},{"@type":"ListItem","position":2,"name":"Sklep","item":"https:\/\/lazycangoo.pl\/sklep\/"},{"@type":"ListItem","position":3,"name":"Graphite Hoodie jumpsuit"}]},{"@type":"WebSite","@id":"https:\/\/lazycangoo.pl\/#website","url":"https:\/\/lazycangoo.pl\/","name":"Lazy Cangoo","description":"Store","potentialAction":[{"@type":"SearchAction","target":{"@type":"EntryPoint","urlTemplate":"https:\/\/lazycangoo.pl\/?s={search_term_string}"},"query-input":"required name=search_term_string"}],"inLanguage":"en-US"}]}},"jetpack_sharing_enabled":true,"_links":{"self":[{"href":"https:\/\/lazycangoo.pl\/en\/wp-json\/wp\/v2\/product\/2424"}],"collection":[{"href":"https:\/\/lazycangoo.pl\/en\/wp-json\/wp\/v2\/product"}],"about":[{"href":"https:\/\/lazycangoo.pl\/en\/wp-json\/wp\/v2\/types\/product"}],"replies":[{"embeddable":true,"href":"https:\/\/lazycangoo.pl\/en\/wp-json\/wp\/v2\/comments?post=2424"}],"wp:featuredmedia":[{"embeddable":true,"href":"https:\/\/lazycangoo.pl\/en\/wp-json\/wp\/v2\/media\/2653"}],"wp:attachment":[{"href":"https:\/\/lazycangoo.pl\/en\/wp-json\/wp\/v2\/media?parent=2424"}],"wp:term":[{"taxonomy":"product_cat","embeddable":true,"href":"https:\/\/lazycangoo.pl\/en\/wp-json\/wp\/v2\/product_cat?post=2424"},{"taxonomy":"product_tag","embeddable":true,"href":"https:\/\/lazycangoo.pl\/en\/wp-json\/wp\/v2\/product_tag?post=2424"}],"curies":[{"name":"wp","href":"https:\/\/api.w.org\/{rel}","templated":true}]}}