{"id":2329,"date":"2023-03-15T15:46:34","date_gmt":"2023-03-15T15:46:34","guid":{"rendered":"https:\/\/lazycangoo.pl\/?post_type=product&#038;p=2329"},"modified":"2025-08-08T10:01:16","modified_gmt":"2025-08-08T10:01:16","slug":"black-shirt-dress","status":"publish","type":"product","link":"https:\/\/lazycangoo.pl\/en\/product\/black-shirt-dress\/","title":{"rendered":"Black shirt Dress"},"content":{"rendered":"<p>Koszulowa sukienka z bawe\u0142ny, farbowana r\u0119cznie na kolor grafitowy, zapinana na napy.<br \/>\nTy\u0142 wyd\u0142u\u017cony, z kontrafa\u0142d\u0105.<br \/>\nNa przodzie kieszenie z firmowym emblematem.<br \/>\nMo\u017cna ja r\u00f3wnie\u017c nosi\u0107 rozpi\u0119t\u0105 jako p\u0142aszczyk \ud83d\udda4<\/p>\n<p>Dost\u0119pna w 2 rozmiarach &#8211; r\u00f3\u017cni\u0105cych si\u0119 d\u0142ugo\u015bci\u0105<br \/>\nS\/M &#8211; d\u0142ugo\u015b\u0107 przodu 80 cm, ty\u0142 105cm, szeroko\u015b\u0107 w biu\u015bcie 50 cm<br \/>\nM\/L &#8211; d\u0142ugo\u015b\u0107 przodu 85 cm, ty\u0142 110 cm, szeroko\u015b\u0107 w biu\u015bcie 52 cm<\/p>\n<p>Wybrany rozmiar ( plus wzrost ) prosz\u0119 poda\u0107 w komentarzu przy finalizacji zam\u00f3wienia .<\/p>\n<p>Sk\u0142ad : 100% bawe\u0142na<\/p>","protected":false},"excerpt":{"rendered":"<p>Koszulowa sukienka z bawe\u0142ny, farbowana r\u0119cznie na kolor grafitowy, zapinana na napy. Ty\u0142 wyd\u0142u\u017cony, z kontrafa\u0142d\u0105. Na przodzie kieszenie z firmowym emblematem. Mo\u017cna ja r\u00f3wnie\u017c nosi\u0107 rozpi\u0119t\u0105 jako p\u0142aszczyk \ud83d\udda4 Dost\u0119pna w 2 rozmiarach &#8211; r\u00f3\u017cni\u0105cych si\u0119 d\u0142ugo\u015bci\u0105 S\/M &#8211; d\u0142ugo\u015b\u0107 przodu 80 cm, ty\u0142 105cm, szeroko\u015b\u0107 w biu\u015bcie 50 cm M\/L &#8211; d\u0142ugo\u015b\u0107 przodu [&hellip;]<\/p>","protected":false},"featured_media":2330,"comment_status":"open","ping_status":"closed","template":"","meta":[],"product_cat":[19],"product_tag":[44],"yoast_head":"<!-- This site is optimized with the Yoast SEO plugin v22.2 - https:\/\/yoast.com\/wordpress\/plugins\/seo\/ -->\n<title>Black shirt Dress - Lazy Cangoo<\/title>\n<meta name=\"robots\" content=\"index, follow, max-snippet:-1, max-image-preview:large, max-video-preview:-1\" \/>\n<link rel=\"canonical\" href=\"https:\/\/lazycangoo.pl\/en\/product\/black-shirt-dress\/\" \/>\n<meta property=\"og:locale\" content=\"en_US\" \/>\n<meta property=\"og:type\" content=\"article\" \/>\n<meta property=\"og:title\" content=\"Black shirt Dress - Lazy Cangoo\" \/>\n<meta property=\"og:description\" content=\"Koszulowa sukienka z bawe\u0142ny, farbowana r\u0119cznie na kolor grafitowy, zapinana na napy. Ty\u0142 wyd\u0142u\u017cony, z kontrafa\u0142d\u0105. Na przodzie kieszenie z firmowym emblematem. Mo\u017cna ja r\u00f3wnie\u017c nosi\u0107 rozpi\u0119t\u0105 jako p\u0142aszczyk \ud83d\udda4 Dost\u0119pna w 2 rozmiarach &#8211; r\u00f3\u017cni\u0105cych si\u0119 d\u0142ugo\u015bci\u0105 S\/M &#8211; d\u0142ugo\u015b\u0107 przodu 80 cm, ty\u0142 105cm, szeroko\u015b\u0107 w biu\u015bcie 50 cm M\/L &#8211; d\u0142ugo\u015b\u0107 przodu [&hellip;]\" \/>\n<meta property=\"og:url\" content=\"https:\/\/lazycangoo.pl\/en\/product\/black-shirt-dress\/\" \/>\n<meta property=\"og:site_name\" content=\"Lazy Cangoo\" \/>\n<meta property=\"article:modified_time\" content=\"2025-08-08T10:01:16+00:00\" \/>\n<meta property=\"og:image\" content=\"https:\/\/lazycangoo.pl\/wp-content\/uploads\/2023\/03\/7BB77DD7-B38D-47E8-A370-DF5AD5D50475-scaled.jpeg\" \/>\n\t<meta property=\"og:image:width\" content=\"1920\" \/>\n\t<meta property=\"og:image:height\" content=\"2560\" \/>\n\t<meta property=\"og:image:type\" content=\"image\/jpeg\" \/>\n<meta name=\"twitter:card\" content=\"summary_large_image\" \/>\n<meta name=\"twitter:label1\" content=\"Est. reading time\" \/>\n\t<meta name=\"twitter:data1\" content=\"1 minute\" \/>\n<script type=\"application\/ld+json\" class=\"yoast-schema-graph\">{\"@context\":\"https:\/\/schema.org\",\"@graph\":[{\"@type\":\"WebPage\",\"@id\":\"https:\/\/lazycangoo.pl\/produkt\/black-shirt-dress\/\",\"url\":\"https:\/\/lazycangoo.pl\/produkt\/black-shirt-dress\/\",\"name\":\"Black shirt Dress - Lazy Cangoo\",\"isPartOf\":{\"@id\":\"https:\/\/lazycangoo.pl\/#website\"},\"primaryImageOfPage\":{\"@id\":\"https:\/\/lazycangoo.pl\/produkt\/black-shirt-dress\/#primaryimage\"},\"image\":{\"@id\":\"https:\/\/lazycangoo.pl\/produkt\/black-shirt-dress\/#primaryimage\"},\"thumbnailUrl\":\"https:\/\/i0.wp.com\/lazycangoo.pl\/wp-content\/uploads\/2023\/03\/7BB77DD7-B38D-47E8-A370-DF5AD5D50475-scaled.jpeg?fit=1920%2C2560&ssl=1\",\"datePublished\":\"2023-03-15T15:46:34+00:00\",\"dateModified\":\"2025-08-08T10:01:16+00:00\",\"breadcrumb\":{\"@id\":\"https:\/\/lazycangoo.pl\/produkt\/black-shirt-dress\/#breadcrumb\"},\"inLanguage\":\"en-US\",\"potentialAction\":[{\"@type\":\"ReadAction\",\"target\":[\"https:\/\/lazycangoo.pl\/produkt\/black-shirt-dress\/\"]}]},{\"@type\":\"ImageObject\",\"inLanguage\":\"en-US\",\"@id\":\"https:\/\/lazycangoo.pl\/produkt\/black-shirt-dress\/#primaryimage\",\"url\":\"https:\/\/i0.wp.com\/lazycangoo.pl\/wp-content\/uploads\/2023\/03\/7BB77DD7-B38D-47E8-A370-DF5AD5D50475-scaled.jpeg?fit=1920%2C2560&ssl=1\",\"contentUrl\":\"https:\/\/i0.wp.com\/lazycangoo.pl\/wp-content\/uploads\/2023\/03\/7BB77DD7-B38D-47E8-A370-DF5AD5D50475-scaled.jpeg?fit=1920%2C2560&ssl=1\",\"width\":1920,\"height\":2560},{\"@type\":\"BreadcrumbList\",\"@id\":\"https:\/\/lazycangoo.pl\/produkt\/black-shirt-dress\/#breadcrumb\",\"itemListElement\":[{\"@type\":\"ListItem\",\"position\":1,\"name\":\"Strona g\u0142\u00f3wna\",\"item\":\"https:\/\/lazycangoo.pl\/\"},{\"@type\":\"ListItem\",\"position\":2,\"name\":\"Sklep\",\"item\":\"https:\/\/lazycangoo.pl\/sklep\/\"},{\"@type\":\"ListItem\",\"position\":3,\"name\":\"Black shirt Dress\"}]},{\"@type\":\"WebSite\",\"@id\":\"https:\/\/lazycangoo.pl\/#website\",\"url\":\"https:\/\/lazycangoo.pl\/\",\"name\":\"Lazy Cangoo\",\"description\":\"Store\",\"potentialAction\":[{\"@type\":\"SearchAction\",\"target\":{\"@type\":\"EntryPoint\",\"urlTemplate\":\"https:\/\/lazycangoo.pl\/?s={search_term_string}\"},\"query-input\":\"required name=search_term_string\"}],\"inLanguage\":\"en-US\"}]}<\/script>\n<!-- \/ Yoast SEO plugin. -->","yoast_head_json":{"title":"Black shirt Dress - Lazy Cangoo","robots":{"index":"index","follow":"follow","max-snippet":"max-snippet:-1","max-image-preview":"max-image-preview:large","max-video-preview":"max-video-preview:-1"},"canonical":"https:\/\/lazycangoo.pl\/en\/product\/black-shirt-dress\/","og_locale":"en_US","og_type":"article","og_title":"Black shirt Dress - Lazy Cangoo","og_description":"Koszulowa sukienka z bawe\u0142ny, farbowana r\u0119cznie na kolor grafitowy, zapinana na napy. Ty\u0142 wyd\u0142u\u017cony, z kontrafa\u0142d\u0105. Na przodzie kieszenie z firmowym emblematem. Mo\u017cna ja r\u00f3wnie\u017c nosi\u0107 rozpi\u0119t\u0105 jako p\u0142aszczyk \ud83d\udda4 Dost\u0119pna w 2 rozmiarach &#8211; r\u00f3\u017cni\u0105cych si\u0119 d\u0142ugo\u015bci\u0105 S\/M &#8211; d\u0142ugo\u015b\u0107 przodu 80 cm, ty\u0142 105cm, szeroko\u015b\u0107 w biu\u015bcie 50 cm M\/L &#8211; d\u0142ugo\u015b\u0107 przodu [&hellip;]","og_url":"https:\/\/lazycangoo.pl\/en\/product\/black-shirt-dress\/","og_site_name":"Lazy Cangoo","article_modified_time":"2025-08-08T10:01:16+00:00","og_image":[{"width":1920,"height":2560,"url":"https:\/\/lazycangoo.pl\/wp-content\/uploads\/2023\/03\/7BB77DD7-B38D-47E8-A370-DF5AD5D50475-scaled.jpeg","type":"image\/jpeg"}],"twitter_card":"summary_large_image","twitter_misc":{"Est. reading time":"1 minute"},"schema":{"@context":"https:\/\/schema.org","@graph":[{"@type":"WebPage","@id":"https:\/\/lazycangoo.pl\/produkt\/black-shirt-dress\/","url":"https:\/\/lazycangoo.pl\/produkt\/black-shirt-dress\/","name":"Black shirt Dress - Lazy Cangoo","isPartOf":{"@id":"https:\/\/lazycangoo.pl\/#website"},"primaryImageOfPage":{"@id":"https:\/\/lazycangoo.pl\/produkt\/black-shirt-dress\/#primaryimage"},"image":{"@id":"https:\/\/lazycangoo.pl\/produkt\/black-shirt-dress\/#primaryimage"},"thumbnailUrl":"https:\/\/i0.wp.com\/lazycangoo.pl\/wp-content\/uploads\/2023\/03\/7BB77DD7-B38D-47E8-A370-DF5AD5D50475-scaled.jpeg?fit=1920%2C2560&ssl=1","datePublished":"2023-03-15T15:46:34+00:00","dateModified":"2025-08-08T10:01:16+00:00","breadcrumb":{"@id":"https:\/\/lazycangoo.pl\/produkt\/black-shirt-dress\/#breadcrumb"},"inLanguage":"en-US","potentialAction":[{"@type":"ReadAction","target":["https:\/\/lazycangoo.pl\/produkt\/black-shirt-dress\/"]}]},{"@type":"ImageObject","inLanguage":"en-US","@id":"https:\/\/lazycangoo.pl\/produkt\/black-shirt-dress\/#primaryimage","url":"https:\/\/i0.wp.com\/lazycangoo.pl\/wp-content\/uploads\/2023\/03\/7BB77DD7-B38D-47E8-A370-DF5AD5D50475-scaled.jpeg?fit=1920%2C2560&ssl=1","contentUrl":"https:\/\/i0.wp.com\/lazycangoo.pl\/wp-content\/uploads\/2023\/03\/7BB77DD7-B38D-47E8-A370-DF5AD5D50475-scaled.jpeg?fit=1920%2C2560&ssl=1","width":1920,"height":2560},{"@type":"BreadcrumbList","@id":"https:\/\/lazycangoo.pl\/produkt\/black-shirt-dress\/#breadcrumb","itemListElement":[{"@type":"ListItem","position":1,"name":"Strona g\u0142\u00f3wna","item":"https:\/\/lazycangoo.pl\/"},{"@type":"ListItem","position":2,"name":"Sklep","item":"https:\/\/lazycangoo.pl\/sklep\/"},{"@type":"ListItem","position":3,"name":"Black shirt Dress"}]},{"@type":"WebSite","@id":"https:\/\/lazycangoo.pl\/#website","url":"https:\/\/lazycangoo.pl\/","name":"Lazy Cangoo","description":"Store","potentialAction":[{"@type":"SearchAction","target":{"@type":"EntryPoint","urlTemplate":"https:\/\/lazycangoo.pl\/?s={search_term_string}"},"query-input":"required name=search_term_string"}],"inLanguage":"en-US"}]}},"jetpack_sharing_enabled":true,"_links":{"self":[{"href":"https:\/\/lazycangoo.pl\/en\/wp-json\/wp\/v2\/product\/2329"}],"collection":[{"href":"https:\/\/lazycangoo.pl\/en\/wp-json\/wp\/v2\/product"}],"about":[{"href":"https:\/\/lazycangoo.pl\/en\/wp-json\/wp\/v2\/types\/product"}],"replies":[{"embeddable":true,"href":"https:\/\/lazycangoo.pl\/en\/wp-json\/wp\/v2\/comments?post=2329"}],"wp:featuredmedia":[{"embeddable":true,"href":"https:\/\/lazycangoo.pl\/en\/wp-json\/wp\/v2\/media\/2330"}],"wp:attachment":[{"href":"https:\/\/lazycangoo.pl\/en\/wp-json\/wp\/v2\/media?parent=2329"}],"wp:term":[{"taxonomy":"product_cat","embeddable":true,"href":"https:\/\/lazycangoo.pl\/en\/wp-json\/wp\/v2\/product_cat?post=2329"},{"taxonomy":"product_tag","embeddable":true,"href":"https:\/\/lazycangoo.pl\/en\/wp-json\/wp\/v2\/product_tag?post=2329"}],"curies":[{"name":"wp","href":"https:\/\/api.w.org\/{rel}","templated":true}]}}