{"id":2293,"date":"2023-02-28T17:56:08","date_gmt":"2023-02-28T17:56:08","guid":{"rendered":"https:\/\/lazycangoo.pl\/?post_type=product&#038;p=2293"},"modified":"2025-08-08T10:01:51","modified_gmt":"2025-08-08T10:01:51","slug":"baggy-pants-grey","status":"publish","type":"product","link":"https:\/\/lazycangoo.pl\/en\/product\/baggy-pants-grey\/","title":{"rendered":"BAGGY pants baby blue"},"content":{"rendered":"<p>Lu\u017ane, letnie, sztruksowe spodnie typu BAGGY z obni\u017conym krokiem.<br \/>\nSzeroki pasek, z gumk\u0105.<\/p>\n<p>Dost\u0119pne w 2 rozmiarach :<\/p>\n<p>S\/M &#8211; obw\u00f3d bioder do 102 cm<\/p>\n<p>M\/L &#8211; obw\u00f3d bioder 102-110<\/p>\n<p>wybrany rozmiar prosz\u0119 poda\u0107 w komentarzu przy finalizacji zam\u00f3wienia<\/p>\n<p>Sk\u0142ad : 100% bawe\u0142ny<\/p>\n<p>kolor &#8211; b\u0142\u0119kitny<\/p>","protected":false},"excerpt":{"rendered":"<p>Lu\u017ane, letnie, sztruksowe spodnie typu BAGGY z obni\u017conym krokiem. Szeroki pasek, z gumk\u0105. Dost\u0119pne w 2 rozmiarach : S\/M &#8211; obw\u00f3d bioder do 102 cm M\/L &#8211; obw\u00f3d bioder 102-110 wybrany rozmiar prosz\u0119 poda\u0107 w komentarzu przy finalizacji zam\u00f3wienia Sk\u0142ad : 100% bawe\u0142ny kolor &#8211; b\u0142\u0119kitny<\/p>","protected":false},"featured_media":2692,"comment_status":"open","ping_status":"closed","template":"","meta":[],"product_cat":[23],"product_tag":[62,78],"yoast_head":"<!-- This site is optimized with the Yoast SEO plugin v22.2 - https:\/\/yoast.com\/wordpress\/plugins\/seo\/ -->\n<title>BAGGY pants baby blue - Lazy Cangoo<\/title>\n<meta name=\"robots\" content=\"index, follow, max-snippet:-1, max-image-preview:large, max-video-preview:-1\" \/>\n<link rel=\"canonical\" href=\"https:\/\/lazycangoo.pl\/en\/product\/baggy-pants-grey\/\" \/>\n<meta property=\"og:locale\" content=\"en_US\" \/>\n<meta property=\"og:type\" content=\"article\" \/>\n<meta property=\"og:title\" content=\"BAGGY pants baby blue - Lazy Cangoo\" \/>\n<meta property=\"og:description\" content=\"Lu\u017ane, letnie, sztruksowe spodnie typu BAGGY z obni\u017conym krokiem. Szeroki pasek, z gumk\u0105. Dost\u0119pne w 2 rozmiarach : S\/M &#8211; obw\u00f3d bioder do 102 cm M\/L &#8211; obw\u00f3d bioder 102-110 wybrany rozmiar prosz\u0119 poda\u0107 w komentarzu przy finalizacji zam\u00f3wienia Sk\u0142ad : 100% bawe\u0142ny kolor &#8211; b\u0142\u0119kitny\" \/>\n<meta property=\"og:url\" content=\"https:\/\/lazycangoo.pl\/en\/product\/baggy-pants-grey\/\" \/>\n<meta property=\"og:site_name\" content=\"Lazy Cangoo\" \/>\n<meta property=\"article:modified_time\" content=\"2025-08-08T10:01:51+00:00\" \/>\n<meta property=\"og:image\" content=\"https:\/\/lazycangoo.pl\/wp-content\/uploads\/2023\/02\/IMG_8728-scaled.jpeg\" \/>\n\t<meta property=\"og:image:width\" content=\"1309\" \/>\n\t<meta property=\"og:image:height\" content=\"2560\" \/>\n\t<meta property=\"og:image:type\" content=\"image\/jpeg\" \/>\n<meta name=\"twitter:card\" content=\"summary_large_image\" \/>\n<meta name=\"twitter:label1\" content=\"Est. reading time\" \/>\n\t<meta name=\"twitter:data1\" content=\"1 minute\" \/>\n<script type=\"application\/ld+json\" class=\"yoast-schema-graph\">{\"@context\":\"https:\/\/schema.org\",\"@graph\":[{\"@type\":\"WebPage\",\"@id\":\"https:\/\/lazycangoo.pl\/produkt\/baggy-pants-grey\/\",\"url\":\"https:\/\/lazycangoo.pl\/produkt\/baggy-pants-grey\/\",\"name\":\"BAGGY pants baby blue - Lazy Cangoo\",\"isPartOf\":{\"@id\":\"https:\/\/lazycangoo.pl\/#website\"},\"primaryImageOfPage\":{\"@id\":\"https:\/\/lazycangoo.pl\/produkt\/baggy-pants-grey\/#primaryimage\"},\"image\":{\"@id\":\"https:\/\/lazycangoo.pl\/produkt\/baggy-pants-grey\/#primaryimage\"},\"thumbnailUrl\":\"https:\/\/i0.wp.com\/lazycangoo.pl\/wp-content\/uploads\/2023\/02\/IMG_8728-scaled.jpeg?fit=1309%2C2560&ssl=1\",\"datePublished\":\"2023-02-28T17:56:08+00:00\",\"dateModified\":\"2025-08-08T10:01:51+00:00\",\"breadcrumb\":{\"@id\":\"https:\/\/lazycangoo.pl\/produkt\/baggy-pants-grey\/#breadcrumb\"},\"inLanguage\":\"en-US\",\"potentialAction\":[{\"@type\":\"ReadAction\",\"target\":[\"https:\/\/lazycangoo.pl\/produkt\/baggy-pants-grey\/\"]}]},{\"@type\":\"ImageObject\",\"inLanguage\":\"en-US\",\"@id\":\"https:\/\/lazycangoo.pl\/produkt\/baggy-pants-grey\/#primaryimage\",\"url\":\"https:\/\/i0.wp.com\/lazycangoo.pl\/wp-content\/uploads\/2023\/02\/IMG_8728-scaled.jpeg?fit=1309%2C2560&ssl=1\",\"contentUrl\":\"https:\/\/i0.wp.com\/lazycangoo.pl\/wp-content\/uploads\/2023\/02\/IMG_8728-scaled.jpeg?fit=1309%2C2560&ssl=1\",\"width\":1309,\"height\":2560},{\"@type\":\"BreadcrumbList\",\"@id\":\"https:\/\/lazycangoo.pl\/produkt\/baggy-pants-grey\/#breadcrumb\",\"itemListElement\":[{\"@type\":\"ListItem\",\"position\":1,\"name\":\"Strona g\u0142\u00f3wna\",\"item\":\"https:\/\/lazycangoo.pl\/\"},{\"@type\":\"ListItem\",\"position\":2,\"name\":\"Sklep\",\"item\":\"https:\/\/lazycangoo.pl\/sklep\/\"},{\"@type\":\"ListItem\",\"position\":3,\"name\":\"BAGGY pants baby blue\"}]},{\"@type\":\"WebSite\",\"@id\":\"https:\/\/lazycangoo.pl\/#website\",\"url\":\"https:\/\/lazycangoo.pl\/\",\"name\":\"Lazy Cangoo\",\"description\":\"Store\",\"potentialAction\":[{\"@type\":\"SearchAction\",\"target\":{\"@type\":\"EntryPoint\",\"urlTemplate\":\"https:\/\/lazycangoo.pl\/?s={search_term_string}\"},\"query-input\":\"required name=search_term_string\"}],\"inLanguage\":\"en-US\"}]}<\/script>\n<!-- \/ Yoast SEO plugin. -->","yoast_head_json":{"title":"BAGGY pants baby blue - Lazy Cangoo","robots":{"index":"index","follow":"follow","max-snippet":"max-snippet:-1","max-image-preview":"max-image-preview:large","max-video-preview":"max-video-preview:-1"},"canonical":"https:\/\/lazycangoo.pl\/en\/product\/baggy-pants-grey\/","og_locale":"en_US","og_type":"article","og_title":"BAGGY pants baby blue - Lazy Cangoo","og_description":"Lu\u017ane, letnie, sztruksowe spodnie typu BAGGY z obni\u017conym krokiem. Szeroki pasek, z gumk\u0105. Dost\u0119pne w 2 rozmiarach : S\/M &#8211; obw\u00f3d bioder do 102 cm M\/L &#8211; obw\u00f3d bioder 102-110 wybrany rozmiar prosz\u0119 poda\u0107 w komentarzu przy finalizacji zam\u00f3wienia Sk\u0142ad : 100% bawe\u0142ny kolor &#8211; b\u0142\u0119kitny","og_url":"https:\/\/lazycangoo.pl\/en\/product\/baggy-pants-grey\/","og_site_name":"Lazy Cangoo","article_modified_time":"2025-08-08T10:01:51+00:00","og_image":[{"width":1309,"height":2560,"url":"https:\/\/lazycangoo.pl\/wp-content\/uploads\/2023\/02\/IMG_8728-scaled.jpeg","type":"image\/jpeg"}],"twitter_card":"summary_large_image","twitter_misc":{"Est. reading time":"1 minute"},"schema":{"@context":"https:\/\/schema.org","@graph":[{"@type":"WebPage","@id":"https:\/\/lazycangoo.pl\/produkt\/baggy-pants-grey\/","url":"https:\/\/lazycangoo.pl\/produkt\/baggy-pants-grey\/","name":"BAGGY pants baby blue - Lazy Cangoo","isPartOf":{"@id":"https:\/\/lazycangoo.pl\/#website"},"primaryImageOfPage":{"@id":"https:\/\/lazycangoo.pl\/produkt\/baggy-pants-grey\/#primaryimage"},"image":{"@id":"https:\/\/lazycangoo.pl\/produkt\/baggy-pants-grey\/#primaryimage"},"thumbnailUrl":"https:\/\/i0.wp.com\/lazycangoo.pl\/wp-content\/uploads\/2023\/02\/IMG_8728-scaled.jpeg?fit=1309%2C2560&ssl=1","datePublished":"2023-02-28T17:56:08+00:00","dateModified":"2025-08-08T10:01:51+00:00","breadcrumb":{"@id":"https:\/\/lazycangoo.pl\/produkt\/baggy-pants-grey\/#breadcrumb"},"inLanguage":"en-US","potentialAction":[{"@type":"ReadAction","target":["https:\/\/lazycangoo.pl\/produkt\/baggy-pants-grey\/"]}]},{"@type":"ImageObject","inLanguage":"en-US","@id":"https:\/\/lazycangoo.pl\/produkt\/baggy-pants-grey\/#primaryimage","url":"https:\/\/i0.wp.com\/lazycangoo.pl\/wp-content\/uploads\/2023\/02\/IMG_8728-scaled.jpeg?fit=1309%2C2560&ssl=1","contentUrl":"https:\/\/i0.wp.com\/lazycangoo.pl\/wp-content\/uploads\/2023\/02\/IMG_8728-scaled.jpeg?fit=1309%2C2560&ssl=1","width":1309,"height":2560},{"@type":"BreadcrumbList","@id":"https:\/\/lazycangoo.pl\/produkt\/baggy-pants-grey\/#breadcrumb","itemListElement":[{"@type":"ListItem","position":1,"name":"Strona g\u0142\u00f3wna","item":"https:\/\/lazycangoo.pl\/"},{"@type":"ListItem","position":2,"name":"Sklep","item":"https:\/\/lazycangoo.pl\/sklep\/"},{"@type":"ListItem","position":3,"name":"BAGGY pants baby blue"}]},{"@type":"WebSite","@id":"https:\/\/lazycangoo.pl\/#website","url":"https:\/\/lazycangoo.pl\/","name":"Lazy Cangoo","description":"Store","potentialAction":[{"@type":"SearchAction","target":{"@type":"EntryPoint","urlTemplate":"https:\/\/lazycangoo.pl\/?s={search_term_string}"},"query-input":"required name=search_term_string"}],"inLanguage":"en-US"}]}},"jetpack_sharing_enabled":true,"_links":{"self":[{"href":"https:\/\/lazycangoo.pl\/en\/wp-json\/wp\/v2\/product\/2293"}],"collection":[{"href":"https:\/\/lazycangoo.pl\/en\/wp-json\/wp\/v2\/product"}],"about":[{"href":"https:\/\/lazycangoo.pl\/en\/wp-json\/wp\/v2\/types\/product"}],"replies":[{"embeddable":true,"href":"https:\/\/lazycangoo.pl\/en\/wp-json\/wp\/v2\/comments?post=2293"}],"wp:featuredmedia":[{"embeddable":true,"href":"https:\/\/lazycangoo.pl\/en\/wp-json\/wp\/v2\/media\/2692"}],"wp:attachment":[{"href":"https:\/\/lazycangoo.pl\/en\/wp-json\/wp\/v2\/media?parent=2293"}],"wp:term":[{"taxonomy":"product_cat","embeddable":true,"href":"https:\/\/lazycangoo.pl\/en\/wp-json\/wp\/v2\/product_cat?post=2293"},{"taxonomy":"product_tag","embeddable":true,"href":"https:\/\/lazycangoo.pl\/en\/wp-json\/wp\/v2\/product_tag?post=2293"}],"curies":[{"name":"wp","href":"https:\/\/api.w.org\/{rel}","templated":true}]}}